{"id":4507,"date":"2019-04-25T01:14:31","date_gmt":"2019-04-25T01:14:31","guid":{"rendered":"http:\/\/www.sirowaclinic.com\/?page_id=4507"},"modified":"2022-12-20T14:30:58","modified_gmt":"2022-12-20T12:30:58","slug":"maris-grzibovskis","status":"publish","type":"page","link":"https:\/\/www.sirowaclinic.com\/en\/about-us\/our-team\/maris-grzibovskis\/","title":{"rendered":"M\u0101ris Gr\u017eibovskis"},"content":{"rendered":"<p>[et_pb_section fb_built=&#8221;1&#8243; admin_label=&#8221;section&#8221; _builder_version=&#8221;4.16&#8243; global_colors_info=&#8221;{}&#8221;][et_pb_row column_structure=&#8221;1_3,2_3&#8243; admin_label=&#8221;row&#8221; _builder_version=&#8221;4.16&#8243; background_size=&#8221;initial&#8221; background_position=&#8221;top_left&#8221; background_repeat=&#8221;repeat&#8221; global_colors_info=&#8221;{}&#8221;][et_pb_column type=&#8221;1_3&#8243; _builder_version=&#8221;4.16&#8243; custom_padding=&#8221;|||&#8221; global_colors_info=&#8221;{}&#8221; custom_padding__hover=&#8221;|||&#8221;][et_pb_image src=&#8221;https:\/\/www.sirowaclinic.com\/wordpress\/wp-content\/uploads\/2022\/08\/MARIS-GRZIBOVSKIS.png&#8221; title_text=&#8221;M\u0100RIS-GR\u017dIBOVSKIS&#8221; align_tablet=&#8221;center&#8221; align_phone=&#8221;center&#8221; align_last_edited=&#8221;on|desktop&#8221; admin_label=&#8221;Image&#8221; _builder_version=&#8221;4.18.0&#8243; animation_style=&#8221;slide&#8221; animation_direction=&#8221;left&#8221; animation_duration=&#8221;500ms&#8221; animation_intensity_slide=&#8221;10%&#8221; hover_enabled=&#8221;0&#8243; animation=&#8221;left&#8221; sticky=&#8221;off&#8221; use_border_color=&#8221;off&#8221; border_color=&#8221;#ffffff&#8221; border_style=&#8221;solid&#8221; global_colors_info=&#8221;{}&#8221; alt=&#8221;Orthodontist M\u0101ris Gr\u017eibovskis&#8221; sticky_enabled=&#8221;0&#8243;] [\/et_pb_image][\/et_pb_column][et_pb_column type=&#8221;2_3&#8243; _builder_version=&#8221;4.16&#8243; custom_padding=&#8221;|||&#8221; global_colors_info=&#8221;{}&#8221; custom_padding__hover=&#8221;|||&#8221;][et_pb_post_title meta=&#8221;off&#8221; featured_image=&#8221;off&#8221; admin_label=&#8221;Post Title&#8221; _builder_version=&#8221;4.16&#8243; global_colors_info=&#8221;{}&#8221;][\/et_pb_post_title][et_pb_text admin_label=&#8221;Text&#8221; _builder_version=&#8221;4.16&#8243; background_size=&#8221;initial&#8221; background_position=&#8221;top_left&#8221; background_repeat=&#8221;repeat&#8221; use_border_color=&#8221;off&#8221; border_color=&#8221;#ffffff&#8221; border_style=&#8221;solid&#8221; global_colors_info=&#8221;{}&#8221;]<\/p>\n<p>MOrth RCSEd, DDS<br \/>Orthodontist<\/p>\n<p>2015 PhD Medicine<br \/>2013 Master of orthodntics at Royal College of Surgeon Edinburgh<br \/>2011 M.Sc Orthodontics<br \/>2008 Dentist, Dental surgeon (D. D. S.)<\/p>\n<p>At the moment he is the researcher at RSU Anatomy and Anthropology institute and manages his own private dental clinic CONCORDIA, where works as <i>orthodontist.<\/i><\/p>\n<p>Scientific work &amp; Publications:<\/p>\n<ol>\n<li><i>M.Grzibovskis, I. Urtane, M.Pilmane \u201eCurrent concepts of orthodontic tooth movement\u201d, Acta Chirurgica Latviensis, 2008(8):78-84.<\/i><\/li>\n<li><i>Maris Grzibovskis, Mara Pilmane, Ilga Urtane.<\/i><b><i> Today\u2019s understanding about bone aging.<\/i><\/b><i> <\/i><b><i>Stomatologija 2010; 12 (4): 99-104<\/i><\/b><\/li>\n<li><i>Maris Grzibovskis, Ilga Urtane, Mara Pilmane, Iveta Jankovska. Specific signaling molecule expressions in the interradicular septum in different age groups. Stomatologija 2011; 13 (3): 81-6<\/i><\/li>\n<li><i>Maris Grzibovskis, Ilga Urtane, Mara Pilmane<\/i><b><i>. Specific signaling molecule expression in periodontal ligaments in different age groups: pilot study. Stomatologija 2011; 13 (4): 117-122<\/i><\/b><\/li>\n<\/ol>\n<p>Awards and scholarships:<\/p>\n<ul>\n<li><i>The International College of Dentists Baltic State Regency Student Award, Riga, Latvia (2008)<\/i><\/li>\n<li><i>RSU residency XIII scientific conference 1st place, Riga, Latvia (2010)<\/i><\/li>\n<\/ul>\n<p><b>SIROWA Riga Dental clinic collaborates in orthodontics with Dr. Med. M\u0101ris Gr\u017eibovskis and Concordia Denatl Clinic to ensure the most innovatiove Orthodontic treatment in the Baltics.\u00a0<\/b><\/p>\n<p>[\/et_pb_text][et_pb_cta button_url=&#8221;https:\/\/www.sirowaclinic.com\/en\/book-appointment\/?specialists=Orthodontics&#038;papildus=Dr.%20M\u0101ris%20Gr\u017eibovskis&#8221; button_text=&#8221;BOOK APPOINTMENT&#8221; admin_label=&#8221;Pieteikties viz\u012btei&#8221; module_class=&#8221;liela-pieteikties-poga&#8221; _builder_version=&#8221;4.16&#8243; body_text_color=&#8221;#832f7c&#8221; use_background_color=&#8221;off&#8221; background_size=&#8221;initial&#8221; background_position=&#8221;top_left&#8221; background_repeat=&#8221;repeat&#8221; custom_button=&#8221;on&#8221; button_text_size=&#8221;16&#8243; button_text_color=&#8221;#808080&#8243; button_border_width=&#8221;2&#8243; button_border_color=&#8221;#808080&#8243; button_font=&#8221;|||on|&#8221; button_icon=&#8221;&#x35;||divi||400&#8243; button_icon_color=&#8221;#808080&#8243; button_on_hover=&#8221;off&#8221; text_orientation=&#8221;left&#8221; background_layout=&#8221;light&#8221; use_border_color=&#8221;off&#8221; border_color=&#8221;#ffffff&#8221; border_style=&#8221;solid&#8221; button_text_color_hover=&#8221;#832f7c&#8221; button_border_color_hover=&#8221;#832f7c&#8221; button_border_radius_hover=&#8221;0&#8243; button_letter_spacing_hover=&#8221;0&#8243; button_bg_color_hover=&#8221;rgba(255,255,255,0)&#8221; saved_tabs=&#8221;all&#8221; global_colors_info=&#8221;{}&#8221; button_text_size__hover_enabled=&#8221;off&#8221; button_one_text_size__hover_enabled=&#8221;off&#8221; button_two_text_size__hover_enabled=&#8221;off&#8221; button_text_color__hover_enabled=&#8221;on&#8221; button_text_color__hover=&#8221;#832f7c&#8221; button_one_text_color__hover_enabled=&#8221;off&#8221; button_two_text_color__hover_enabled=&#8221;off&#8221; button_border_width__hover_enabled=&#8221;off&#8221; button_one_border_width__hover_enabled=&#8221;off&#8221; button_two_border_width__hover_enabled=&#8221;off&#8221; button_border_color__hover_enabled=&#8221;on&#8221; button_border_color__hover=&#8221;#832f7c&#8221; button_one_border_color__hover_enabled=&#8221;off&#8221; button_two_border_color__hover_enabled=&#8221;off&#8221; button_border_radius__hover_enabled=&#8221;on&#8221; button_border_radius__hover=&#8221;0&#8243; button_one_border_radius__hover_enabled=&#8221;off&#8221; button_two_border_radius__hover_enabled=&#8221;off&#8221; button_letter_spacing__hover_enabled=&#8221;on&#8221; button_letter_spacing__hover=&#8221;0&#8243; button_one_letter_spacing__hover_enabled=&#8221;off&#8221; button_two_letter_spacing__hover_enabled=&#8221;off&#8221; button_bg_color__hover_enabled=&#8221;on&#8221; button_bg_color__hover=&#8221;rgba(255,255,255,0)&#8221; button_one_bg_color__hover_enabled=&#8221;off&#8221; button_two_bg_color__hover_enabled=&#8221;off&#8221;][\/et_pb_cta][\/et_pb_column][\/et_pb_row][\/et_pb_section]<\/p>\n","protected":false},"excerpt":{"rendered":"<p>MOrth RCSEd, DDS Orthodontist<\/p>\n","protected":false},"author":1,"featured_media":10652,"parent":1829,"menu_order":17,"comment_status":"closed","ping_status":"closed","template":"","meta":{"_et_pb_use_builder":"on","_et_pb_old_content":"","_et_gb_content_width":"","_sitemap_exclude":false,"_sitemap_priority":"","_sitemap_frequency":"","footnotes":""},"class_list":["post-4507","page","type-page","status-publish","has-post-thumbnail","hentry"],"aioseo_notices":[],"_links":{"self":[{"href":"https:\/\/www.sirowaclinic.com\/en\/wp-json\/wp\/v2\/pages\/4507","targetHints":{"allow":["GET"]}}],"collection":[{"href":"https:\/\/www.sirowaclinic.com\/en\/wp-json\/wp\/v2\/pages"}],"about":[{"href":"https:\/\/www.sirowaclinic.com\/en\/wp-json\/wp\/v2\/types\/page"}],"author":[{"embeddable":true,"href":"https:\/\/www.sirowaclinic.com\/en\/wp-json\/wp\/v2\/users\/1"}],"replies":[{"embeddable":true,"href":"https:\/\/www.sirowaclinic.com\/en\/wp-json\/wp\/v2\/comments?post=4507"}],"version-history":[{"count":12,"href":"https:\/\/www.sirowaclinic.com\/en\/wp-json\/wp\/v2\/pages\/4507\/revisions"}],"predecessor-version":[{"id":11461,"href":"https:\/\/www.sirowaclinic.com\/en\/wp-json\/wp\/v2\/pages\/4507\/revisions\/11461"}],"up":[{"embeddable":true,"href":"https:\/\/www.sirowaclinic.com\/en\/wp-json\/wp\/v2\/pages\/1829"}],"wp:featuredmedia":[{"embeddable":true,"href":"https:\/\/www.sirowaclinic.com\/en\/wp-json\/wp\/v2\/media\/10652"}],"wp:attachment":[{"href":"https:\/\/www.sirowaclinic.com\/en\/wp-json\/wp\/v2\/media?parent=4507"}],"curies":[{"name":"wp","href":"https:\/\/api.w.org\/{rel}","templated":true}]}}