{"id":2021,"date":"2017-10-13T14:25:29","date_gmt":"2017-10-13T14:25:29","guid":{"rendered":"http:\/\/www.sirowaclinic.com\/%d0%ba%d0%b0%d0%ba-%d0%bd%d0%b0%d1%81-%d0%bd%d0%b0%d0%b9%d1%82%d0%b8\/"},"modified":"2017-10-16T12:34:54","modified_gmt":"2017-10-16T12:34:54","slug":"kak-nas-najti","status":"publish","type":"page","link":"https:\/\/www.sirowaclinic.com\/ru\/kak-nas-najti\/","title":{"rendered":"\u043a\u0430\u043a \u043d\u0430\u0441 \u043d\u0430\u0439\u0442\u0438"},"content":{"rendered":"<p>[et_pb_section admin_label=&#187;section&#187;][et_pb_row admin_label=&#187;row&#187;][et_pb_column type=&#187;4_4&#8243;][et_pb_text admin_label=&#187;Text&#187; background_layout=&#187;light&#187; text_orientation=&#187;left&#187; use_border_color=&#187;off&#187; border_color=&#187;#ffffff&#187; border_style=&#187;solid&#187;]<\/p>\n<h1>K<span lang=\"ru\">\u0430\u043a \u043d\u0430\u0441 \u043d\u0430\u0439\u0442\u0438<\/span><\/h1>\n<p>[\/et_pb_text][et_pb_map admin_label=&#187;Map&#187; global_module=&#187;801&#8243; saved_tabs=&#187;all&#187; address=&#187;Katr\u012bnas dambis 16, Zieme\u013cu rajons, R\u012bga, LV-1045, Latvija&#187; zoom_level=&#187;16&#8243; address_lat=&#187;56.97076501400992&#8243; address_lng=&#187;24.103154847885104&#8243; mouse_wheel=&#187;off&#187; use_grayscale_filter=&#187;on&#187; grayscale_filter_amount=&#187;100&#8243;] [et_pb_map_pin title=&#187;SIROWA&#187; pin_address=&#187;Katr\u012bnas dambis 16, Zieme\u013cu rajons, R\u012bga, LV-1045, Latvija&#187; pin_address_lat=&#187;56.9705194&#8243; pin_address_lng=&#187;24.102950999999962&#8243;] C\u0442\u043e\u043c\u0430\u0442\u043e\u043b\u043e\u0433\u0438\u0447\u0435\u0441\u043a\u0430\u044f \u043a\u043b\u0438\u043d\u0438\u043a\u0430<b><strong> &#171;SIROWA&#187;\u00a0<\/strong><\/b>\u041a\u0430\u0442\u0440\u0438\u043d\u0430\u0441 \u0434\u0430\u043c\u0431\u0438\u0441<span class=\"s1\">,\u00a016,\u00a0<\/span>\u0420\u0438\u0433\u0430, \u0422\u0435\u043b\u0435\u0444\u043e\u043d\u00a0+371 670 982 60 [\/et_pb_map_pin] [\/et_pb_map][et_pb_divider admin_label=&#187;Divider&#187; color=&#187;#ffffff&#187; show_divider=&#187;off&#187; divider_style=&#187;solid&#187; divider_position=&#187;top&#187; hide_on_mobile=&#187;on&#187;] [\/et_pb_divider][\/et_pb_column][\/et_pb_row][\/et_pb_section]<\/p>\n","protected":false},"excerpt":{"rendered":"<p>K\u0430\u043a \u043d\u0430\u0441 \u043d\u0430\u0439\u0442\u0438 C\u0442\u043e\u043c\u0430\u0442\u043e\u043b\u043e\u0433\u0438\u0447\u0435\u0441\u043a\u0430\u044f \u043a\u043b\u0438\u043d\u0438\u043a\u0430 &#171;SIROWA&#187;\u00a0\u041a\u0430\u0442\u0440\u0438\u043d\u0430\u0441 \u0434\u0430\u043c\u0431\u0438\u0441,\u00a016,\u00a0\u0420\u0438\u0433\u0430, \u0422\u0435\u043b\u0435\u0444\u043e\u043d\u00a0+371 670 982 60<\/p>\n","protected":false},"author":1,"featured_media":0,"parent":0,"menu_order":0,"comment_status":"closed","ping_status":"closed","template":"","meta":{"_et_pb_use_builder":"on","_et_pb_old_content":"","_et_gb_content_width":"","_sitemap_exclude":false,"_sitemap_priority":"","_sitemap_frequency":"","footnotes":""},"class_list":["post-2021","page","type-page","status-publish","hentry"],"aioseo_notices":[],"_links":{"self":[{"href":"https:\/\/www.sirowaclinic.com\/ru\/wp-json\/wp\/v2\/pages\/2021","targetHints":{"allow":["GET"]}}],"collection":[{"href":"https:\/\/www.sirowaclinic.com\/ru\/wp-json\/wp\/v2\/pages"}],"about":[{"href":"https:\/\/www.sirowaclinic.com\/ru\/wp-json\/wp\/v2\/types\/page"}],"author":[{"embeddable":true,"href":"https:\/\/www.sirowaclinic.com\/ru\/wp-json\/wp\/v2\/users\/1"}],"replies":[{"embeddable":true,"href":"https:\/\/www.sirowaclinic.com\/ru\/wp-json\/wp\/v2\/comments?post=2021"}],"version-history":[{"count":5,"href":"https:\/\/www.sirowaclinic.com\/ru\/wp-json\/wp\/v2\/pages\/2021\/revisions"}],"predecessor-version":[{"id":2180,"href":"https:\/\/www.sirowaclinic.com\/ru\/wp-json\/wp\/v2\/pages\/2021\/revisions\/2180"}],"wp:attachment":[{"href":"https:\/\/www.sirowaclinic.com\/ru\/wp-json\/wp\/v2\/media?parent=2021"}],"curies":[{"name":"wp","href":"https:\/\/api.w.org\/{rel}","templated":true}]}}