{"id":9816,"date":"2017-10-13T15:35:30","date_gmt":"2017-10-13T15:35:30","guid":{"rendered":"https:\/\/www.sirowaclinic.com\/zane-lazda\/"},"modified":"2024-02-05T13:00:34","modified_gmt":"2024-02-05T11:00:34","slug":"zane-lazda","status":"publish","type":"page","link":"https:\/\/www.sirowaclinic.com\/uk\/o-nas\/nasa-komanda\/zane-lazda\/","title":{"rendered":"\u0417\u0430\u043d\u0435 \u041b\u0430\u0437\u0434\u0430"},"content":{"rendered":"<p>[et_pb_section fb_built=&#8221;1&#8243; admin_label=&#8221;section&#8221; _builder_version=&#8221;4.16&#8243; global_colors_info=&#8221;{}&#8221;][et_pb_row column_structure=&#8221;1_3,2_3&#8243; admin_label=&#8221;Row&#8221; _builder_version=&#8221;4.16&#8243; background_size=&#8221;initial&#8221; background_position=&#8221;top_left&#8221; background_repeat=&#8221;repeat&#8221; global_colors_info=&#8221;{}&#8221;][et_pb_column type=&#8221;1_3&#8243; _builder_version=&#8221;4.16&#8243; custom_padding=&#8221;|||&#8221; global_colors_info=&#8221;{}&#8221; custom_padding__hover=&#8221;|||&#8221;][et_pb_image src=&#8221;https:\/\/www.sirowaclinic.com\/wordpress\/wp-content\/uploads\/2024\/02\/zane-lazda-3.jpg&#8221; alt=&#8221;zane-lazda&#8221; title_text=&#8221;zane-lazda&#8221; align_tablet=&#8221;center&#8221; align_phone=&#8221;&#8221; align_last_edited=&#8221;on|desktop&#8221; admin_label=&#8221;Image&#8221; _builder_version=&#8221;4.23.4&#8243; animation_style=&#8221;slide&#8221; animation_direction=&#8221;left&#8221; animation_duration=&#8221;500ms&#8221; animation_intensity_slide=&#8221;10%&#8221; hover_enabled=&#8221;0&#8243; animation=&#8221;left&#8221; sticky=&#8221;off&#8221; use_border_color=&#8221;off&#8221; border_color=&#8221;#ffffff&#8221; border_style=&#8221;solid&#8221; global_colors_info=&#8221;{}&#8221; sticky_enabled=&#8221;0&#8243;][\/et_pb_image][\/et_pb_column][et_pb_column type=&#8221;2_3&#8243; _builder_version=&#8221;4.16&#8243; custom_padding=&#8221;|||&#8221; global_colors_info=&#8221;{}&#8221; custom_padding__hover=&#8221;|||&#8221;][et_pb_text admin_label=&#8221;Text&#8221; _builder_version=&#8221;4.16&#8243; background_size=&#8221;initial&#8221; background_position=&#8221;top_left&#8221; background_repeat=&#8221;repeat&#8221; use_border_color=&#8221;off&#8221; border_color=&#8221;#ffffff&#8221; border_style=&#8221;solid&#8221; global_colors_info=&#8221;{}&#8221;]<\/p>\n<h1>\u0417\u0430\u043d\u0435 \u041b\u0430\u0437\u0434\u0430<\/h1>\n<p>[\/et_pb_text][et_pb_text admin_label=&#8221;Text&#8221; _builder_version=&#8221;4.16&#8243; background_size=&#8221;initial&#8221; background_position=&#8221;top_left&#8221; background_repeat=&#8221;repeat&#8221; use_border_color=&#8221;off&#8221; border_color=&#8221;#ffffff&#8221; border_style=&#8221;solid&#8221; global_colors_info=&#8221;{}&#8221;]<\/p>\n<p>D.D.S., \u0441\u0435\u0440\u0442\u0438\u0444\u0438\u0446\u0438\u0440\u043e\u0432\u0430\u043d\u043d\u044b\u0439 \u0441\u0442\u043e\u043c\u0430\u0442\u043e\u043b\u043e\u0433 \u043e\u0431\u0449\u0435\u0439 \u043f\u0440\u0430\u043a\u0442\u0438\u043a\u0438<\/p>\n<p>\u0417\u0430\u043d\u0435 \u0440\u043e\u0434\u0438\u043b\u0430\u0441\u044c \u0432 1974\u00a0\u0433\u043e\u0434\u0443 \u0432 \u0415\u043a\u0430\u0431\u043f\u0438\u043b\u0441\u0435. \u0412 1998\u00a0\u0433\u043e\u0434\u0443 \u043f\u043e\u043b\u0443\u0447\u0438\u043b\u0430 \u0434\u0438\u043f\u043b\u043e\u043c \u0437\u0443\u0431\u043d\u043e\u0433\u043e \u0432\u0440\u0430\u0447\u0430, \u043e\u043a\u043e\u043d\u0447\u0438\u0432 \u0444\u0430\u043a\u0443\u043b\u044c\u0442\u0435\u0442 \u0441\u0442\u043e\u043c\u0430\u0442\u043e\u043b\u043e\u0433\u0438\u0438 \u041b\u0430\u0442\u0432\u0438\u0439\u0441\u043a\u043e\u0439 \u043c\u0435\u0434\u0438\u0446\u0438\u043d\u0441\u043a\u043e\u0439 \u0430\u043a\u0430\u0434\u0435\u043c\u0438\u0438; \u0432 2002\u00a0\u0433\u043e\u0434\u0443 \u043f\u043e\u043b\u0443\u0447\u0438\u043b\u0430 \u0434\u0438\u043f\u043b\u043e\u043c \u0434\u0435\u0442\u0441\u043a\u043e\u0433\u043e \u0441\u0442\u043e\u043c\u0430\u0442\u043e\u043b\u043e\u0433\u0430, \u043e\u043a\u043e\u043d\u0447\u0438\u0432 \u0444\u0430\u043a\u0443\u043b\u044c\u0442\u0435\u0442 \u043f\u043e\u0441\u043b\u0435\u0434\u0438\u043f\u043b\u043e\u043c\u043d\u043e\u0433\u043e \u043e\u0431\u0440\u0430\u0437\u043e\u0432\u0430\u043d\u0438\u044f \u041b\u0430\u0442\u0432\u0438\u0439\u0441\u043a\u043e\u0439 \u043c\u0435\u0434\u0438\u0446\u0438\u043d\u0441\u043a\u043e\u0439 \u0430\u043a\u0430\u0434\u0435\u043c\u0438\u0438. \u0414\u043e\u043f\u043e\u043b\u043d\u0438\u0442\u0435\u043b\u044c\u043d\u043e \u0438\u0437\u0443\u0447\u0430\u043b\u0430 \u043f\u0440\u0435\u0432\u0435\u043d\u0442\u0438\u0432\u043d\u0443\u044e \u0441\u0442\u043e\u043c\u0430\u0442\u043e\u043b\u043e\u0433\u0438\u044e, \u044d\u043d\u0434\u043e\u0434\u043e\u043d\u0442\u0438\u044e \u0438 \u043f\u0435\u0440\u0438\u043e\u0434\u043e\u043d\u0442\u043e\u043b\u043e\u0433\u0438\u044e \u0432 \u0421\u0442\u043e\u043c\u0430\u0442\u043e\u043b\u043e\u0433\u0438\u0447\u0435\u0441\u043a\u043e\u043c \u0438\u043d\u0441\u0442\u0438\u0442\u0443\u0442\u0435 \u0425\u0435\u043b\u044c\u0441\u0438\u043d\u043a\u0441\u043a\u043e\u0433\u043e \u0443\u043d\u0438\u0432\u0435\u0440\u0441\u0438\u0442\u0435\u0442\u0430 (University of Helsinki Institute of Dentistry).<\/p>\n<p>\u0421 \u0441\u0435\u043d\u0442\u044f\u0431\u0440\u044f 2008\u00a0\u0433\u043e\u0434\u0430 \u043f\u043e \u043e\u043a\u0442\u044f\u0431\u0440\u044c 2014\u00a0\u0433\u043e\u0434\u0430\u00a0\u2013 \u0441\u0442\u043e\u043c\u0430\u0442\u043e\u043b\u043e\u0433 \u0438 \u0441\u043f\u0435\u0446\u0438\u0430\u043b\u0438\u0441\u0442 \u0432 \u043e\u0431\u043b\u0430\u0441\u0442\u0438 \u0441\u0442\u043e\u043c\u0430\u0442\u043e\u043b\u043e\u0433\u0438\u0447\u0435\u0441\u043a\u043e\u0439 \u0441\u0442\u0440\u0430\u0442\u0435\u0433\u0438\u0438 \u0432 \u0426\u0435\u043d\u0442\u0440\u0435 \u0441\u0442\u043e\u043c\u0430\u0442\u043e\u043b\u043e\u0433\u0438\u0438 \u0438 \u0447\u0435\u043b\u044e\u0441\u0442\u043d\u043e-\u043b\u0438\u0446\u0435\u0432\u043e\u0439 \u0445\u0438\u0440\u0443\u0440\u0433\u0438\u0438 \u041a\u043b\u0438\u043d\u0438\u0447\u0435\u0441\u043a\u043e\u0439 \u0443\u043d\u0438\u0432\u0435\u0440\u0441\u0438\u0442\u0435\u0442\u0441\u043a\u043e\u0439 \u0431\u043e\u043b\u044c\u043d\u0438\u0446\u044b \u0438\u043c. \u041f.\u00a0\u0421\u0442\u0440\u0430\u0434\u044b\u043d\u044c\u0448\u0430; \u0441 \u043d\u043e\u044f\u0431\u0440\u044f 2015\u00a0\u0433\u043e\u0434\u0430 \u0440\u0430\u0431\u043e\u0442\u0430\u0435\u0442 \u0432 \u0441\u0442\u043e\u043c\u0430\u0442\u043e\u043b\u043e\u0433\u0438\u0447\u0435\u0441\u043a\u043e\u0439 \u043a\u043b\u0438\u043d\u0438\u043a\u0435 SIROWA R\u012bga.<\/p>\n<p>\u0427\u043b\u0435\u043d \u041b\u0430\u0442\u0432\u0438\u0439\u0441\u043a\u043e\u0439 \u0430\u0441\u0441\u043e\u0446\u0438\u0430\u0446\u0438\u0438 \u0441\u0442\u043e\u043c\u0430\u0442\u043e\u043b\u043e\u0433\u043e\u0432 \u0438 \u0447\u043b\u0435\u043d \u0435\u0435 \u043f\u0440\u0430\u0432\u043b\u0435\u043d\u0438\u044f. \u0412 2008\u20132013\u00a0\u0433\u043e\u0434\u0430\u0445\u00a0\u2013 \u043f\u0440\u0435\u0434\u0441\u0442\u0430\u0432\u0438\u0442\u0435\u043b\u044c \u041b\u0430\u0442\u0432\u0438\u0439\u0441\u043a\u043e\u0439 \u0430\u0441\u0441\u043e\u0446\u0438\u0430\u0446\u0438\u0438 \u0441\u0442\u043e\u043c\u0430\u0442\u043e\u043b\u043e\u0433\u043e\u0432 \u0432 \u0415\u0432\u0440\u043e\u043f\u0435\u0439\u0441\u043a\u043e\u043c \u0441\u043e\u0432\u0435\u0442\u0435 \u0441\u0442\u043e\u043c\u0430\u0442\u043e\u043b\u043e\u0433\u043e\u0432. \u0412\u044b\u0441\u0442\u0443\u043f\u0430\u0435\u0442 \u0441 \u043b\u0435\u043a\u0446\u0438\u044f\u043c\u0438 \u043e \u0433\u0438\u0433\u0438\u0435\u043d\u0435 \u0438 \u043f\u0440\u043e\u0444\u0438\u043b\u0430\u043a\u0442\u0438\u043a\u0435 \u0437\u0430\u0431\u043e\u043b\u0435\u0432\u0430\u043d\u0438\u0439 \u043f\u043e\u043b\u043e\u0441\u0442\u0438 \u0440\u0442\u0430. \u042f\u0432\u043b\u044f\u0435\u0442\u0441\u044f \u0430\u0432\u0442\u043e\u0440\u043e\u043c \u0438 \u0441\u043e\u0430\u0432\u0442\u043e\u0440\u043e\u043c \u043c\u043d\u043e\u0436\u0435\u0441\u0442\u0432\u0430 \u043d\u0430\u0443\u0447\u043d\u044b\u0445 \u043f\u0443\u0431\u043b\u0438\u043a\u0430\u0446\u0438\u0439.<\/p>\n<p>\u0420\u0435\u0433\u0443\u043b\u044f\u0440\u043d\u043e \u0441\u043e\u0432\u0435\u0440\u0448\u0435\u043d\u0441\u0442\u0432\u0443\u0435\u0442 \u0441\u0432\u043e\u0438 \u0437\u043d\u0430\u043d\u0438\u044f \u043d\u0430 \u0440\u0430\u0437\u043b\u0438\u0447\u043d\u044b\u0445 \u043f\u0440\u043e\u0444\u0435\u0441\u0441\u0438\u043e\u043d\u0430\u043b\u044c\u043d\u044b\u0445 \u043a\u0443\u0440\u0441\u0430\u0445 \u0438 \u0441\u0435\u043c\u0438\u043d\u0430\u0440\u0430\u0445 \u043a\u0430\u043a \u0432 \u041b\u0430\u0442\u0432\u0438\u0438, \u0442\u0430\u043a \u0438 \u0437\u0430 \u0440\u0443\u0431\u0435\u0436\u043e\u043c.<\/p>\n<p class=\"p2\"><span class=\"s1\"><b>\u041f\u0443\u0431\u043b\u0438\u043a\u0430\u0446\u0438\u0438<\/b><\/span><\/p>\n<p class=\"p6\"><span class=\"s1\">\u041b\u0430\u0437\u0434\u0430 (\u0411\u0435\u043d\u0434\u0438\u043a\u0430)\u00a0\u0417. \u041f\u0440\u043e\u0440\u0435\u0437\u044b\u0432\u0430\u043d\u0438\u0435 \u0437\u0443\u0431\u043e\u0432 \u0438 \u0441\u0432\u044f\u0437\u0430\u043d\u043d\u044b\u0435 \u0441 \u044d\u0442\u0438\u043c \u043f\u0440\u043e\u0431\u043b\u0435\u043c\u044b. \u0421\u0442\u043e\u043c\u0430\u0442\u043e\u043b\u043e\u0433\u0438\u0447\u0435\u0441\u043a\u0438\u0435 \u0441\u0442\u0430\u0442\u044c\u0438 (Zobu \u0161\u0137il\u0161an\u0101s, ar to saist\u012bt\u0101s probl\u0113mas. Zob\u0101rstniec\u012bbas Raksti), 2003`4.<\/span><\/p>\n<p class=\"p6\"><span class=\"s1\">\u041b\u0430\u0437\u0434\u0430 (\u0411\u0435\u043d\u0434\u0438\u043a\u0430)\u00a0\u0417. \u0417\u0434\u043e\u0440\u043e\u0432\u044b\u0435 \u0437\u0443\u0431\u044b \u0443 \u0432\u0430\u0441 \u0438 \u0443 \u0432\u0430\u0448\u0435\u0433\u043e \u043c\u0430\u043b\u044b\u0448\u0430. \u041e\u0431\u0440\u0430\u0437\u043e\u0432\u0430\u0442\u0435\u043b\u044c\u043d\u044b\u0439 \u043c\u0430\u0442\u0435\u0440\u0438\u0430\u043b \u0434\u043b\u044f \u0431\u0443\u0434\u0443\u0449\u0438\u0445 \u043c\u0430\u043c \u0432 \u0441\u043e\u0442\u0440\u0443\u0434\u043d\u0438\u0447\u0435\u0441\u0442\u0432\u0435 \u0441 GlaxoSmithKline (Veseli zobi Jums un J\u016bsu mazulim. Izgl\u012btojo\u0161s materi\u0101ls topo\u0161aj\u0101m m\u0101mi\u0146\u0101m sadarb\u012bb\u0101 ar \u00abGlaxoSmithKline\u00bb), 2002.<\/span><\/p>\n<p class=\"p6\"><span class=\"s1\">\u0420\u043e\u043c\u0430\u043d\u0435\u00a0\u0414., \u041b\u0430\u0437\u0434\u0430 (\u0411\u0435\u043d\u0434\u0438\u043a\u0430)\u00a0\u0417., \u0421\u0435\u043d\u0430\u043a\u043e\u043b\u0430\u00a0\u042d., Davies\u00a0R.\u00a0M., Ellwood\u00a0R.\u00a0P., Pretty\u00a0I.\u00a0A. The Effect of Video Repositioning on the Reliability of Light Induced Fluorescence Imaging: An in Vivo Study. Caries res. 2005; 39:397\u2013402.<\/span><\/p>\n<p>\u0418\u043d\u0442\u0435\u043d\u0441\u0438\u0432\u043d\u043e\u0441\u0442\u044c \u043a\u0430\u0440\u0438\u0435\u0441\u0430 \u0438 \u043d\u0430\u0438\u0431\u043e\u043b\u0435\u0435 \u0445\u0430\u0440\u0430\u043a\u0442\u0435\u0440\u043d\u0430\u044f \u0435\u0433\u043e \u043b\u043e\u043a\u0430\u043b\u0438\u0437\u0430\u0446\u0438\u044f \u0443 \u0434\u0435\u0442\u0435\u0439 \u0432 \u0432\u043e\u0437\u0440\u0430\u0441\u0442\u0435 3\u20138 \u043b\u0435\u0442 (Kariesa intensit\u0101te un rakstur\u012bg\u0101k\u0101 lokaliz\u0101cija b\u0113rniem vecum\u0101 no 3\u20138 gadiem). \u0425\u0435\u043d\u043a\u0443\u0437\u0435\u043d\u0430 \u0418., \u041b\u0430\u0437\u0434\u0430 (\u0411\u0435\u043d\u0434\u0438\u043a\u0430) \u0417., \u041b\u0435\u0439\u0442\u0430\u043d\u0435 \u041b., \u0428\u0443\u0442\u043a\u0430 \u0414., \u0412\u0438\u0434\u0443\u0441\u043a\u0430\u043b\u043d\u0435 \u0418. II \u041b\u0430\u0442\u0432\u0438\u0439\u0441\u043a\u0438\u0439 \u043a\u043e\u043d\u0433\u0440\u0435\u0441\u0441 \u0441\u0442\u043e\u043c\u0430\u0442\u043e\u043b\u043e\u0433\u043e\u0432, \u0420\u0438\u0433\u0430, 4\u20135 \u043e\u043a\u0442\u044f\u0431\u0440\u044f 2000 \u0433\u043e\u0434\u0430.<\/p>\n<p>[\/et_pb_text][et_pb_cta button_url=&#8221;https:\/\/www.sirowaclinic.com\/ru\/zapisatsya-na-konsultacziyu\/?specialists=\u0421\u0422\u041e\u041c\u0410\u0422\u041e\u041b\u041e\u0413\u0418\u042f%20\u0414\u041b\u042f%20\u0414\u0415\u0422\u0415\u0419&#038;papildus=Dr.%20Zane%20Lazda&#8221; button_text=&#8221;\u0417\u0410\u041f\u0418\u0421\u0410\u0422\u042c\u0421\u042f \u041d\u0410 \u041a\u041e\u041d\u0421\u0423\u041b\u042c\u0422\u0410\u0426\u0418\u042e&#8221; admin_label=&#8221;Pieteikties viz\u012btei&#8221; module_class=&#8221;liela-pieteikties-poga&#8221; _builder_version=&#8221;4.16&#8243; body_text_color=&#8221;#832f7c&#8221; use_background_color=&#8221;off&#8221; background_size=&#8221;initial&#8221; background_position=&#8221;top_left&#8221; background_repeat=&#8221;repeat&#8221; custom_button=&#8221;on&#8221; button_text_size=&#8221;16&#8243; button_text_color=&#8221;#808080&#8243; button_border_width=&#8221;2&#8243; button_border_color=&#8221;#808080&#8243; button_font=&#8221;|||on|&#8221; button_icon=&#8221;&#x35;||divi||400&#8243; button_icon_color=&#8221;#808080&#8243; button_on_hover=&#8221;off&#8221; text_orientation=&#8221;left&#8221; background_layout=&#8221;light&#8221; use_border_color=&#8221;off&#8221; border_color=&#8221;#ffffff&#8221; border_style=&#8221;solid&#8221; button_text_color_hover=&#8221;#832f7c&#8221; button_border_color_hover=&#8221;#832f7c&#8221; button_border_radius_hover=&#8221;0&#8243; button_letter_spacing_hover=&#8221;0&#8243; button_bg_color_hover=&#8221;rgba(255,255,255,0)&#8221; saved_tabs=&#8221;all&#8221; global_colors_info=&#8221;{}&#8221; button_text_size__hover_enabled=&#8221;off&#8221; button_one_text_size__hover_enabled=&#8221;off&#8221; button_two_text_size__hover_enabled=&#8221;off&#8221; button_text_color__hover_enabled=&#8221;on&#8221; button_text_color__hover=&#8221;#832f7c&#8221; button_one_text_color__hover_enabled=&#8221;off&#8221; button_two_text_color__hover_enabled=&#8221;off&#8221; button_border_width__hover_enabled=&#8221;off&#8221; button_one_border_width__hover_enabled=&#8221;off&#8221; button_two_border_width__hover_enabled=&#8221;off&#8221; button_border_color__hover_enabled=&#8221;on&#8221; button_border_color__hover=&#8221;#832f7c&#8221; button_one_border_color__hover_enabled=&#8221;off&#8221; button_two_border_color__hover_enabled=&#8221;off&#8221; button_border_radius__hover_enabled=&#8221;on&#8221; button_border_radius__hover=&#8221;0&#8243; button_one_border_radius__hover_enabled=&#8221;off&#8221; button_two_border_radius__hover_enabled=&#8221;off&#8221; button_letter_spacing__hover_enabled=&#8221;on&#8221; button_letter_spacing__hover=&#8221;0&#8243; button_one_letter_spacing__hover_enabled=&#8221;off&#8221; button_two_letter_spacing__hover_enabled=&#8221;off&#8221; button_bg_color__hover_enabled=&#8221;on&#8221; button_bg_color__hover=&#8221;rgba(255,255,255,0)&#8221; button_one_bg_color__hover_enabled=&#8221;off&#8221; button_two_bg_color__hover_enabled=&#8221;off&#8221;][\/et_pb_cta][\/et_pb_column][\/et_pb_row][\/et_pb_section]<\/p>\n","protected":false},"excerpt":{"rendered":"<p>D.D.S., \u0441\u0435\u0440\u0442\u0438\u0444\u0438\u0446\u0438\u0440\u043e\u0432\u0430\u043d\u043d\u044b\u0439 \u043e\u0431\u0449\u0438\u0439 \u0441\u0442\u043e\u043c\u0430\u0442\u043e\u043b\u043e\u0433<\/p>\n","protected":false},"author":1,"featured_media":9629,"parent":14875,"menu_order":5,"comment_status":"closed","ping_status":"closed","template":"","meta":{"_et_pb_use_builder":"on","_et_pb_old_content":"","_et_gb_content_width":"","_sitemap_exclude":false,"_sitemap_priority":"","_sitemap_frequency":"","footnotes":""},"class_list":["post-9816","page","type-page","status-publish","has-post-thumbnail","hentry"],"aioseo_notices":[],"_links":{"self":[{"href":"https:\/\/www.sirowaclinic.com\/uk\/wp-json\/wp\/v2\/pages\/9816","targetHints":{"allow":["GET"]}}],"collection":[{"href":"https:\/\/www.sirowaclinic.com\/uk\/wp-json\/wp\/v2\/pages"}],"about":[{"href":"https:\/\/www.sirowaclinic.com\/uk\/wp-json\/wp\/v2\/types\/page"}],"author":[{"embeddable":true,"href":"https:\/\/www.sirowaclinic.com\/uk\/wp-json\/wp\/v2\/users\/1"}],"replies":[{"embeddable":true,"href":"https:\/\/www.sirowaclinic.com\/uk\/wp-json\/wp\/v2\/comments?post=9816"}],"version-history":[{"count":4,"href":"https:\/\/www.sirowaclinic.com\/uk\/wp-json\/wp\/v2\/pages\/9816\/revisions"}],"predecessor-version":[{"id":15864,"href":"https:\/\/www.sirowaclinic.com\/uk\/wp-json\/wp\/v2\/pages\/9816\/revisions\/15864"}],"up":[{"embeddable":true,"href":"https:\/\/www.sirowaclinic.com\/uk\/wp-json\/wp\/v2\/pages\/14875"}],"wp:featuredmedia":[{"embeddable":true,"href":"https:\/\/www.sirowaclinic.com\/uk\/wp-json\/wp\/v2\/media\/9629"}],"wp:attachment":[{"href":"https:\/\/www.sirowaclinic.com\/uk\/wp-json\/wp\/v2\/media?parent=9816"}],"curies":[{"name":"wp","href":"https:\/\/api.w.org\/{rel}","templated":true}]}}