{"id":9839,"date":"2017-10-13T14:25:29","date_gmt":"2017-10-13T14:25:29","guid":{"rendered":"https:\/\/www.sirowaclinic.com\/%d0%ba%d0%b0%d0%ba-%d0%bd%d0%b0%d1%81-%d0%bd%d0%b0%d0%b9%d1%82%d0%b8\/"},"modified":"2022-04-17T14:39:09","modified_gmt":"2022-04-17T12:39:09","slug":"kak-nas-najti","status":"publish","type":"page","link":"https:\/\/www.sirowaclinic.com\/uk\/kak-nas-najti\/","title":{"rendered":"\u043a\u0430\u043a \u043d\u0430\u0441 \u043d\u0430\u0439\u0442\u0438"},"content":{"rendered":"<p>[et_pb_section admin_label=&#8221;section&#8221;][et_pb_row admin_label=&#8221;row&#8221;][et_pb_column type=&#8221;4_4&#8243;][et_pb_text admin_label=&#8221;Text&#8221; background_layout=&#8221;light&#8221; text_orientation=&#8221;left&#8221; use_border_color=&#8221;off&#8221; border_color=&#8221;#ffffff&#8221; border_style=&#8221;solid&#8221;]<\/p>\n<h1>K<span lang=\"ru\">\u0430\u043a \u043d\u0430\u0441 \u043d\u0430\u0439\u0442\u0438<\/span><\/h1>\n<p>[\/et_pb_text][et_pb_map admin_label=&#8221;Map&#8221; global_module=&#8221;801&#8243; saved_tabs=&#8221;all&#8221; address=&#8221;Katr\u012bnas dambis 16, Zieme\u013cu rajons, R\u012bga, LV-1045, Latvija&#8221; zoom_level=&#8221;16&#8243; address_lat=&#8221;56.97076501400992&#8243; address_lng=&#8221;24.103154847885104&#8243; mouse_wheel=&#8221;off&#8221; use_grayscale_filter=&#8221;on&#8221; grayscale_filter_amount=&#8221;100&#8243;] [et_pb_map_pin title=&#8221;SIROWA&#8221; pin_address=&#8221;Katr\u012bnas dambis 16, Zieme\u013cu rajons, R\u012bga, LV-1045, Latvija&#8221; pin_address_lat=&#8221;56.9705194&#8243; pin_address_lng=&#8221;24.102950999999962&#8243;] C\u0442\u043e\u043c\u0430\u0442\u043e\u043b\u043e\u0433\u0438\u0447\u0435\u0441\u043a\u0430\u044f \u043a\u043b\u0438\u043d\u0438\u043a\u0430<b><strong> &#8220;SIROWA&#8221;\u00a0<\/strong><\/b>\u041a\u0430\u0442\u0440\u0438\u043d\u0430\u0441 \u0434\u0430\u043c\u0431\u0438\u0441<span class=\"s1\">,\u00a016,\u00a0<\/span>\u0420\u0438\u0433\u0430, \u0422\u0435\u043b\u0435\u0444\u043e\u043d\u00a0+371 670 982 60 [\/et_pb_map_pin] [\/et_pb_map][et_pb_divider admin_label=&#8221;Divider&#8221; color=&#8221;#ffffff&#8221; show_divider=&#8221;off&#8221; divider_style=&#8221;solid&#8221; divider_position=&#8221;top&#8221; hide_on_mobile=&#8221;on&#8221;] [\/et_pb_divider][\/et_pb_column][\/et_pb_row][\/et_pb_section]<\/p>\n","protected":false},"excerpt":{"rendered":"<p>K\u0430\u043a \u043d\u0430\u0441 \u043d\u0430\u0439\u0442\u0438 C\u0442\u043e\u043c\u0430\u0442\u043e\u043b\u043e\u0433\u0438\u0447\u0435\u0441\u043a\u0430\u044f \u043a\u043b\u0438\u043d\u0438\u043a\u0430 &#8220;SIROWA&#8221;\u00a0\u041a\u0430\u0442\u0440\u0438\u043d\u0430\u0441 \u0434\u0430\u043c\u0431\u0438\u0441,\u00a016,\u00a0\u0420\u0438\u0433\u0430, \u0422\u0435\u043b\u0435\u0444\u043e\u043d\u00a0+371 670 982 60<\/p>\n","protected":false},"author":1,"featured_media":0,"parent":0,"menu_order":0,"comment_status":"closed","ping_status":"closed","template":"","meta":{"_et_pb_use_builder":"on","_et_pb_old_content":"","_et_gb_content_width":"","_sitemap_exclude":false,"_sitemap_priority":"","_sitemap_frequency":"","footnotes":""},"class_list":["post-9839","page","type-page","status-publish","hentry"],"aioseo_notices":[],"_links":{"self":[{"href":"https:\/\/www.sirowaclinic.com\/uk\/wp-json\/wp\/v2\/pages\/9839","targetHints":{"allow":["GET"]}}],"collection":[{"href":"https:\/\/www.sirowaclinic.com\/uk\/wp-json\/wp\/v2\/pages"}],"about":[{"href":"https:\/\/www.sirowaclinic.com\/uk\/wp-json\/wp\/v2\/types\/page"}],"author":[{"embeddable":true,"href":"https:\/\/www.sirowaclinic.com\/uk\/wp-json\/wp\/v2\/users\/1"}],"replies":[{"embeddable":true,"href":"https:\/\/www.sirowaclinic.com\/uk\/wp-json\/wp\/v2\/comments?post=9839"}],"version-history":[{"count":1,"href":"https:\/\/www.sirowaclinic.com\/uk\/wp-json\/wp\/v2\/pages\/9839\/revisions"}],"predecessor-version":[{"id":9844,"href":"https:\/\/www.sirowaclinic.com\/uk\/wp-json\/wp\/v2\/pages\/9839\/revisions\/9844"}],"wp:attachment":[{"href":"https:\/\/www.sirowaclinic.com\/uk\/wp-json\/wp\/v2\/media?parent=9839"}],"curies":[{"name":"wp","href":"https:\/\/api.w.org\/{rel}","templated":true}]}}